{"id":671,"date":"2023-09-18T21:02:09","date_gmt":"2023-09-18T21:02:09","guid":{"rendered":"https:\/\/match.energycommunityplatform.eu\/about\/"},"modified":"2024-02-13T12:38:51","modified_gmt":"2024-02-13T12:38:51","slug":"about","status":"publish","type":"page","link":"https:\/\/match.energycommunityplatform.eu\/hr\/about\/","title":{"rendered":"O nama"},"content":{"rendered":"\r\n<p><img loading=\"lazy\" decoding=\"async\" class=\"aligncenter wp-image-311 size-full\" src=\"https:\/\/match.energycommunityplatform.eu\/wp-content\/uploads\/2023\/11\/about-banner.png\" alt=\"\" width=\"1800\" height=\"765\" srcset=\"https:\/\/match.energycommunityplatform.eu\/wp-content\/uploads\/2023\/11\/about-banner.png 1800w, https:\/\/match.energycommunityplatform.eu\/wp-content\/uploads\/2023\/11\/about-banner-300x128.png 300w, https:\/\/match.energycommunityplatform.eu\/wp-content\/uploads\/2023\/11\/about-banner-1024x435.png 1024w, https:\/\/match.energycommunityplatform.eu\/wp-content\/uploads\/2023\/11\/about-banner-768x326.png 768w, https:\/\/match.energycommunityplatform.eu\/wp-content\/uploads\/2023\/11\/about-banner-1536x653.png 1536w\" sizes=\"auto, (max-width: 1800px) 100vw, 1800px\" \/><\/p>\r\n<p><strong>Dobrodo\u0161li na Match-making Tool, gdje se oblikuju kolektivni projekti obnovljive energije! <\/strong><\/p>\r\n<p>Potraga zavr\u0161ava ovdje: ovaj alat olak\u0161ava zajedni\u010dkim grupama pronala\u017eenje krovova ili zemlji\u0161ta za njihove projekte obnovljive energije, dok vlasnici komunalnih ili privatnih resursa mogu pokazati svoju spremnost da ih stave na raspolaganje za inicijative energetskih zajednica.<\/p>\r\n<p>Ovako \u0107e alat dati krila energetskim zajednicama diljem Europe:<\/p>\r\n<p><img loading=\"lazy\" decoding=\"async\" class=\"alignnone  wp-image-1108\" src=\"https:\/\/match.energycommunityplatform.eu\/wp-content\/uploads\/2024\/02\/ICO_LifeLoop_SolarPower-243x300.png\" alt=\"\" width=\"50\" height=\"62\" srcset=\"https:\/\/match.energycommunityplatform.eu\/wp-content\/uploads\/2024\/02\/ICO_LifeLoop_SolarPower-243x300.png 243w, https:\/\/match.energycommunityplatform.eu\/wp-content\/uploads\/2024\/02\/ICO_LifeLoop_SolarPower-830x1024.png 830w, https:\/\/match.energycommunityplatform.eu\/wp-content\/uploads\/2024\/02\/ICO_LifeLoop_SolarPower-768x947.png 768w, https:\/\/match.energycommunityplatform.eu\/wp-content\/uploads\/2024\/02\/ICO_LifeLoop_SolarPower.png 884w\" sizes=\"auto, (max-width: 50px) 100vw, 50px\" \/><\/p>\r\n<p><strong>Korak 1:<\/strong> Gradovi ili privatni vlasnici (tvrtke, pojedinci, organizacije, itd.) unose svoje dostupne resurse (krovovi, zemlji\u0161te, fasada, itd.) u alat.<\/p>\r\n<p><img loading=\"lazy\" decoding=\"async\" class=\"alignnone  wp-image-1126\" src=\"https:\/\/match.energycommunityplatform.eu\/wp-content\/uploads\/2024\/02\/ICO_LifeLoop_Community-300x300.png\" alt=\"\" width=\"50\" height=\"50\" srcset=\"https:\/\/match.energycommunityplatform.eu\/wp-content\/uploads\/2024\/02\/ICO_LifeLoop_Community-300x300.png 300w, https:\/\/match.energycommunityplatform.eu\/wp-content\/uploads\/2024\/02\/ICO_LifeLoop_Community-1024x1024.png 1024w, https:\/\/match.energycommunityplatform.eu\/wp-content\/uploads\/2024\/02\/ICO_LifeLoop_Community-150x150.png 150w, https:\/\/match.energycommunityplatform.eu\/wp-content\/uploads\/2024\/02\/ICO_LifeLoop_Community-768x769.png 768w, https:\/\/match.energycommunityplatform.eu\/wp-content\/uploads\/2024\/02\/ICO_LifeLoop_Community.png 1088w\" sizes=\"auto, (max-width: 50px) 100vw, 50px\" \/><\/p>\r\n<p><strong>Korak 2:<\/strong> Lokalni \u010dlanovi zajednice zainteresirani za kolektivnu proizvodnju i dijeljenje energije istra\u017euju dostupne resurse u svojoj blizini.<\/p>\r\n<p><img loading=\"lazy\" decoding=\"async\" class=\"alignnone  wp-image-1114\" src=\"https:\/\/match.energycommunityplatform.eu\/wp-content\/uploads\/2024\/02\/ICO_LifeLoop_Collaboration-244x300.png\" alt=\"\" width=\"50\" height=\"61\" srcset=\"https:\/\/match.energycommunityplatform.eu\/wp-content\/uploads\/2024\/02\/ICO_LifeLoop_Collaboration-244x300.png 244w, https:\/\/match.energycommunityplatform.eu\/wp-content\/uploads\/2024\/02\/ICO_LifeLoop_Collaboration-831x1024.png 831w, https:\/\/match.energycommunityplatform.eu\/wp-content\/uploads\/2024\/02\/ICO_LifeLoop_Collaboration-768x946.png 768w, https:\/\/match.energycommunityplatform.eu\/wp-content\/uploads\/2024\/02\/ICO_LifeLoop_Collaboration.png 884w\" sizes=\"auto, (max-width: 50px) 100vw, 50px\" \/><\/p>\r\n<p><strong>Korak 3:<\/strong> Vlasnici projekata i vlasnici resursa povezuju se jedni s drugima radi potencijalne suradnje.<\/p>\r\n<p><strong>\u0160to o\u010dekivati \u200b\u200bod Matchmaking Tool Alat za povezivanje pru\u017ea vidljivost dostupnim komunalnim ili privatnim resursima<\/strong><\/p>\r\n<p>Osobe s idejama za projekte obnovljive energije mogu identificirati resurse u svojem podru\u010dju koji se sla\u017eu s njihovim interesima i energetskim ciljevima. Me\u0111utim, imajte na umu: izra\u017eavanje interesa za objavljeni resurs ne automatski vam daje pravo na njegovu upotrebu. Izra\u017eavanje interesa je preliminarni korak: prava na kori\u0161tenje ovise o nacionalnom pravnom okviru koji upravlja lokacijom resursa. Nadalje, primjenjuju se specifi\u010dni propisi o javnoj nabavi i privatnom pravu, a primjenjivost ovih propisa ovisi o tome je li resurs u vlasni\u0161tvu privatne osobe ili javnog subjekta. Stoga je razumijevanje i pridr\u017eavanje tih pravnih nijansi klju\u010dno za uspje\u0161no i pravno uskla\u0111eno kori\u0161tenje identificiranih resursa. Stupite u kontakt s privatnim vlasnikom ili gradom kojem pripada resurs kako biste dobili detaljne informacije o pravnim postupcima koje treba slijediti kako biste resurs mogli koristiti u\u010dinkovito.<\/p>\r\n<p><strong>SHEMA ZA CERTIFIKACIJU ENERGETSKIH ZAJEDNICA LIFE LOOP <\/strong><\/p>\r\n<p>Match-making Tool samo je jedna komponenta &#8220;Sheme za certifikaciju energetskih zajednica LIFE LOOP&#8221;. Ova shema prva je shema koja priznaje gradove koji pokazuju predvi\u0111anje u pitanjima energetske zajednice. Ona gradovima pru\u017ea priliku da otkriju koliko podr\u017eavaju energetsku zajednicu putem testa za samoevaluaciju. Dodatno, javni slu\u017ebenici mogu unaprijediti svoje vje\u0161tine putem te\u010daja o energetskoj zajednici koji se odvija izme\u0111u 1. travnja i 14. lipnja 2024. godine.<\/p>\r\n<p>Spremni ste sudjelovati u &#8220;Shemi akreditacije za energetsku zajednicu LIFE LOOP&#8221;? Posjetite na\u0161u web stranicu: <a class=\"waffle-rich-text-link\" href=\"https:\/\/energy-cities.eu\/project\/lifeloop-accreditation-scheme\/\">https:\/\/energy-cities.eu\/project\/lifeloop-accreditation-scheme\/<\/a><\/p>\r\n<p><strong>OKO LIFE LOOP<\/strong><\/p>\r\n<p>Projekt LIFE LOOP &#8220;Lokalno vlasni\u0161tvo nad energijom&#8221;, financiran od strane EU-a, usmjeren je na povezivanje energetskih zajednica i lokalnih vlasti kako bi zajedno postigli demokratski, inkluzivni i pravedni energetski prijelaz.<\/p>\r\n<p>Saznajte vi\u0161e o projektu LIFE LOOP na na\u0161oj web stranici: <a class=\"waffle-rich-text-link\" href=\"https:\/\/energy-cities.eu\/project\/lifeloop\/\">https:\/\/energy-cities.eu\/project\/lifeloop\/.<\/a><\/p>\r\n","protected":false},"excerpt":{"rendered":"<p>Dobrodo\u0161li na Match-making Tool, gdje se oblikuju kolektivni projekti obnovljive energije! Potraga zavr\u0161ava ovdje: ovaj alat olak\u0161ava zajedni\u010dkim grupama pronala\u017eenje krovova ili zemlji\u0161ta za njihove projekte obnovljive energije, dok vlasnici komunalnih ili privatnih resursa mogu pokazati svoju spremnost da ih stave na raspolaganje za inicijative energetskih zajednica. Ovako \u0107e alat dati krila energetskim zajednicama diljem [&#8230;]<\/p>\n<p><a class=\"btn btn-secondary understrap-read-more-link\" href=\"https:\/\/match.energycommunityplatform.eu\/hr\/about\/\">Read More&#8230;<span class=\"screen-reader-text\"> from O nama<\/span><\/a><\/p>\n","protected":false},"author":1,"featured_media":0,"parent":0,"menu_order":0,"comment_status":"closed","ping_status":"open","template":"","meta":{"_acf_changed":false,"footnotes":""},"class_list":["post-671","page","type-page","status-publish","hentry"],"acf":[],"_links":{"self":[{"href":"https:\/\/match.energycommunityplatform.eu\/hr\/wp-json\/wp\/v2\/pages\/671","targetHints":{"allow":["GET"]}}],"collection":[{"href":"https:\/\/match.energycommunityplatform.eu\/hr\/wp-json\/wp\/v2\/pages"}],"about":[{"href":"https:\/\/match.energycommunityplatform.eu\/hr\/wp-json\/wp\/v2\/types\/page"}],"author":[{"embeddable":true,"href":"https:\/\/match.energycommunityplatform.eu\/hr\/wp-json\/wp\/v2\/users\/1"}],"replies":[{"embeddable":true,"href":"https:\/\/match.energycommunityplatform.eu\/hr\/wp-json\/wp\/v2\/comments?post=671"}],"version-history":[{"count":8,"href":"https:\/\/match.energycommunityplatform.eu\/hr\/wp-json\/wp\/v2\/pages\/671\/revisions"}],"predecessor-version":[{"id":1193,"href":"https:\/\/match.energycommunityplatform.eu\/hr\/wp-json\/wp\/v2\/pages\/671\/revisions\/1193"}],"wp:attachment":[{"href":"https:\/\/match.energycommunityplatform.eu\/hr\/wp-json\/wp\/v2\/media?parent=671"}],"curies":[{"name":"wp","href":"https:\/\/api.w.org\/{rel}","templated":true}]}}